{"id":2233,"date":"2025-01-10T14:54:30","date_gmt":"2025-01-10T14:54:30","guid":{"rendered":"https:\/\/topexchange.eu\/?page_id=2233"},"modified":"2026-02-20T16:24:54","modified_gmt":"2026-02-20T13:24:54","slug":"savitarnos-keityklos","status":"publish","type":"page","link":"https:\/\/topexchange.eu\/en\/savitarnos-keityklos\/","title":{"rendered":"Currency exchange ATM"},"content":{"rendered":"<div data-elementor-type=\"wp-page\" data-elementor-id=\"2233\" class=\"elementor elementor-2233\">\n\t\t\t\t\t\t<div class=\"elementor-section elementor-top-section elementor-element elementor-element-b11c16c elementor-section-boxed elementor-section-height-default elementor-section-height-default\" data-id=\"b11c16c\" data-element_type=\"section\" data-e-type=\"section\" data-settings=\"{&quot;background_background&quot;:&quot;classic&quot;}\">\n\t\t\t\t\t\t<div class=\"elementor-container elementor-column-gap-default\">\n\t\t\t\t\t<div class=\"elementor-column elementor-col-100 elementor-top-column elementor-element elementor-element-ad9f370\" data-id=\"ad9f370\" data-element_type=\"column\" data-e-type=\"column\">\n\t\t\t<div class=\"elementor-widget-wrap elementor-element-populated\">\n\t\t\t\t\t\t<div class=\"elementor-element elementor-element-75556b3 elementor-widget elementor-widget-spacer\" data-id=\"75556b3\" data-element_type=\"widget\" data-e-type=\"widget\" data-widget_type=\"spacer.default\">\n\t\t\t\t<div class=\"elementor-widget-container\">\n\t\t\t\t\t\t\t<div class=\"elementor-spacer\">\n\t\t\t<div class=\"elementor-spacer-inner\"><\/div>\n\t\t<\/div>\n\t\t\t\t\t\t<\/div>\n\t\t\t\t<\/div>\n\t\t\t\t<div class=\"elementor-element elementor-element-87830c1 elementor-widget__width-initial elementor-widget-mobile__width-inherit elementor-widget elementor-widget-heading\" data-id=\"87830c1\" data-element_type=\"widget\" data-e-type=\"widget\" data-widget_type=\"heading.default\">\n\t\t\t\t<div class=\"elementor-widget-container\">\n\t\t\t\t\t<h2 class=\"elementor-heading-title elementor-size-default\">Currency ATM<\/h2>\t\t\t\t<\/div>\n\t\t\t\t<\/div>\n\t\t\t\t<div class=\"elementor-element elementor-element-c1cc8a2 elementor-widget elementor-widget-spacer\" data-id=\"c1cc8a2\" data-element_type=\"widget\" data-e-type=\"widget\" data-widget_type=\"spacer.default\">\n\t\t\t\t<div class=\"elementor-widget-container\">\n\t\t\t\t\t\t\t<div class=\"elementor-spacer\">\n\t\t\t<div class=\"elementor-spacer-inner\"><\/div>\n\t\t<\/div>\n\t\t\t\t\t\t<\/div>\n\t\t\t\t<\/div>\n\t\t\t\t<div class=\"elementor-element elementor-element-17e90b4 elementor-widget__width-initial elementor-widget-mobile__width-inherit elementor-widget elementor-widget-heading\" data-id=\"17e90b4\" data-element_type=\"widget\" data-e-type=\"widget\" data-widget_type=\"heading.default\">\n\t\t\t\t<div class=\"elementor-widget-container\">\n\t\t\t\t\t<h3 class=\"elementor-heading-title elementor-size-default\">Kasdien maloniai kvie\u010diame naudotis  \u0161iais m\u016bs\u0173 <span style=\"letter-spacing: -0.972px\">valiutomatais \u2013 <\/span><span style=\"letter-spacing: -0.972px\">savitarnos keityklomis<\/span><br><\/h3>\t\t\t\t<\/div>\n\t\t\t\t<\/div>\n\t\t\t\t<div class=\"elementor-element elementor-element-eb617f2 bdt-logo-grid--tictactoe bdt-lg-col-4 bdt-lg-col--tablet2 bdt-lg-col--mobile2 elementor-widget elementor-widget-bdt-logo-grid\" data-id=\"eb617f2\" data-element_type=\"widget\" data-e-type=\"widget\" data-widget_type=\"bdt-logo-grid.default\">\n\t\t\t\t<div class=\"elementor-widget-container\">\n\t\t\t\t\t\n        <div class=\"bdt-logo-grid-wrapper\" bdt-scrollspy=\"cls: bdt-animation-fade; delay: 300; target: &gt; .bdt-item;\">\n\t\t\t                <a   class=\"bdt-item bdt-logo-grid-link\" data-tippy-content=\"&lt;span class=&quot;bdt-title&quot;&gt;Akropolio savitarnos keitykla&lt;\/span&gt;Brand Short Description Type Here.\" target=\"_blank\" rel=\"noopener\" href=\"https:\/\/topexchange.eu\/en\/akropolio-savitarnos-keitykla\/\">\n                <figure class=\"bdt-logo-grid-figure\">\n\t\t\t\t\t<img fetchpriority=\"high\" decoding=\"async\" width=\"250\" height=\"250\" src=\"https:\/\/topexchange.eu\/wp-content\/uploads\/2026\/04\/akropolis_k_s_en.jpg\" class=\"bdt-logo-grid-img bdt-image-mask elementor-animation-\" alt=\"Akropolio savitarnos keitykla : Brand Short Description Type Here.\" srcset=\"https:\/\/topexchange.eu\/wp-content\/uploads\/2026\/04\/akropolis_k_s_en.jpg 250w, https:\/\/topexchange.eu\/wp-content\/uploads\/2026\/04\/akropolis_k_s_en-11x12.jpg 11w\" sizes=\"(max-width: 250px) 100vw, 250px\" \/>\n                <\/figure>\n                <\/a>\n\t\t\t                <a   class=\"bdt-item bdt-logo-grid-link\" data-tippy-content=\"&lt;span class=&quot;bdt-title&quot;&gt;VNO i\u0161vykimo savitarnos keitykla&lt;\/span&gt;VNO i\u0161vykimo savitarnos keitykla\" target=\"_blank\" rel=\"noopener\" href=\"https:\/\/topexchange.eu\/en\/vilniaus-oro-uosto-savitarnos-keitykla\/\">\n                <figure class=\"bdt-logo-grid-figure\">\n\t\t\t\t\t<img decoding=\"async\" width=\"250\" height=\"250\" src=\"https:\/\/topexchange.eu\/wp-content\/uploads\/2026\/04\/Isvykimas_k_s_en-1.jpg\" class=\"bdt-logo-grid-img bdt-image-mask elementor-animation-\" alt=\"VNO i\u0161vykimo savitarnos keitykla : VNO i\u0161vykimo savitarnos keitykla\" srcset=\"https:\/\/topexchange.eu\/wp-content\/uploads\/2026\/04\/Isvykimas_k_s_en-1.jpg 250w, https:\/\/topexchange.eu\/wp-content\/uploads\/2026\/04\/Isvykimas_k_s_en-1-11x12.jpg 11w\" sizes=\"(max-width: 250px) 100vw, 250px\" \/>\n                <\/figure>\n                <\/a>\n\t\t\t                <a   class=\"bdt-item bdt-logo-grid-link\" data-tippy-content=\"&lt;span class=&quot;bdt-title&quot;&gt;Kauno oro uosto savitarnos keitykla&lt;\/span&gt;Brand Short Description Type Here.\" target=\"_blank\" rel=\"noopener\" href=\"https:\/\/topexchange.eu\/en\/kauno-oro-uosto-savitarnos-keitykla\/\">\n                <figure class=\"bdt-logo-grid-figure\">\n\t\t\t\t\t<img decoding=\"async\" width=\"250\" height=\"250\" src=\"https:\/\/topexchange.eu\/wp-content\/uploads\/2026\/04\/palanga_k_s_en.jpg\" class=\"bdt-logo-grid-img bdt-image-mask elementor-animation-\" alt=\"Kauno oro uosto savitarnos keitykla : Brand Short Description Type Here.\" srcset=\"https:\/\/topexchange.eu\/wp-content\/uploads\/2026\/04\/palanga_k_s_en.jpg 250w, https:\/\/topexchange.eu\/wp-content\/uploads\/2026\/04\/palanga_k_s_en-11x12.jpg 11w\" sizes=\"(max-width: 250px) 100vw, 250px\" \/>\n                <\/figure>\n                <\/a>\n\t\t\t                <a   class=\"bdt-item bdt-logo-grid-link\" data-tippy-content=\"&lt;span class=&quot;bdt-title&quot;&gt;Palangos oro uosto savitarnos keitykla&lt;\/span&gt;Brand Short Description Type Here.\" target=\"_blank\" rel=\"noopener\" href=\"https:\/\/topexchange.eu\/en\/palangos-oro-uosto-valiutos-keitykla\/\">\n                <figure class=\"bdt-logo-grid-figure\">\n\t\t\t\t\t<img loading=\"lazy\" decoding=\"async\" width=\"250\" height=\"250\" src=\"https:\/\/topexchange.eu\/wp-content\/uploads\/2026\/04\/palanga_k_s_en.jpg\" class=\"bdt-logo-grid-img bdt-image-mask elementor-animation-\" alt=\"Palangos oro uosto savitarnos keitykla : Brand Short Description Type Here.\" srcset=\"https:\/\/topexchange.eu\/wp-content\/uploads\/2026\/04\/palanga_k_s_en.jpg 250w, https:\/\/topexchange.eu\/wp-content\/uploads\/2026\/04\/palanga_k_s_en-11x12.jpg 11w\" sizes=\"(max-width: 250px) 100vw, 250px\" \/>\n                <\/figure>\n                <\/a>\n\t\t\t            <\/div>\n\t\t\t\n\t\t\t\t\t\t\t<\/div>\n\t\t\t\t<\/div>\n\t\t\t\t\t<\/div>\n\t\t<\/div>\n\t\t\t\t\t<\/div>\n\t\t<\/div>\n\t\t\t\t<section class=\"elementor-section elementor-top-section elementor-element elementor-element-66ef8ae elementor-section-boxed elementor-section-height-default elementor-section-height-default\" data-id=\"66ef8ae\" data-element_type=\"section\" data-e-type=\"section\">\n\t\t\t\t\t\t<div class=\"elementor-container elementor-column-gap-default\">\n\t\t\t\t\t<div class=\"elementor-column elementor-col-100 elementor-top-column elementor-element elementor-element-3ea4581\" data-id=\"3ea4581\" data-element_type=\"column\" data-e-type=\"column\">\n\t\t\t<div class=\"elementor-widget-wrap\">\n\t\t\t\t\t\t\t<\/div>\n\t\t<\/div>\n\t\t\t\t\t<\/div>\n\t\t<\/section>\n\t\t\t\t<\/div>","protected":false},"excerpt":{"rendered":"<p>Valiutomatai Kasdien maloniai kvie\u010diame naudotis \u0161iais m\u016bs\u0173 valiutomatais \u2013 savitarnos keityklomis<\/p>","protected":false},"author":2,"featured_media":0,"parent":0,"menu_order":0,"comment_status":"closed","ping_status":"closed","template":"","meta":{"footnotes":""},"class_list":["post-2233","page","type-page","status-publish","hentry"],"_links":{"self":[{"href":"https:\/\/topexchange.eu\/en\/wp-json\/wp\/v2\/pages\/2233","targetHints":{"allow":["GET"]}}],"collection":[{"href":"https:\/\/topexchange.eu\/en\/wp-json\/wp\/v2\/pages"}],"about":[{"href":"https:\/\/topexchange.eu\/en\/wp-json\/wp\/v2\/types\/page"}],"author":[{"embeddable":true,"href":"https:\/\/topexchange.eu\/en\/wp-json\/wp\/v2\/users\/2"}],"replies":[{"embeddable":true,"href":"https:\/\/topexchange.eu\/en\/wp-json\/wp\/v2\/comments?post=2233"}],"version-history":[{"count":31,"href":"https:\/\/topexchange.eu\/en\/wp-json\/wp\/v2\/pages\/2233\/revisions"}],"predecessor-version":[{"id":3172,"href":"https:\/\/topexchange.eu\/en\/wp-json\/wp\/v2\/pages\/2233\/revisions\/3172"}],"wp:attachment":[{"href":"https:\/\/topexchange.eu\/en\/wp-json\/wp\/v2\/media?parent=2233"}],"curies":[{"name":"wp","href":"https:\/\/api.w.org\/{rel}","templated":true}]}}