{"id":2454,"date":"2025-07-15T10:18:37","date_gmt":"2025-07-15T10:18:37","guid":{"rendered":"https:\/\/topexchange.eu\/?page_id=2454"},"modified":"2026-02-11T15:18:55","modified_gmt":"2026-02-11T12:18:55","slug":"maximos-prekybos-centro-keitykla","status":"publish","type":"page","link":"https:\/\/topexchange.eu\/en\/maximos-prekybos-centro-keitykla\/","title":{"rendered":"Vir\u0161uli\u0161ki\u0173 MAXIMA currency exchange"},"content":{"rendered":"<div data-elementor-type=\"wp-page\" data-elementor-id=\"2454\" class=\"elementor elementor-2454\">\n\t\t\t\t\t\t<div class=\"elementor-section elementor-top-section elementor-element elementor-element-b11c16c elementor-section-boxed elementor-section-height-default elementor-section-height-default\" data-id=\"b11c16c\" data-element_type=\"section\" data-e-type=\"section\" data-settings=\"{&quot;background_background&quot;:&quot;gradient&quot;}\">\n\t\t\t\t\t\t<div class=\"elementor-container elementor-column-gap-default\">\n\t\t\t\t\t<div class=\"elementor-column elementor-col-100 elementor-top-column elementor-element elementor-element-ad9f370\" data-id=\"ad9f370\" data-element_type=\"column\" data-e-type=\"column\">\n\t\t\t<div class=\"elementor-widget-wrap elementor-element-populated\">\n\t\t\t\t\t\t<div class=\"elementor-element elementor-element-75556b3 elementor-widget elementor-widget-spacer\" data-id=\"75556b3\" data-element_type=\"widget\" data-e-type=\"widget\" data-widget_type=\"spacer.default\">\n\t\t\t\t<div class=\"elementor-widget-container\">\n\t\t\t\t\t\t\t<div class=\"elementor-spacer\">\n\t\t\t<div class=\"elementor-spacer-inner\"><\/div>\n\t\t<\/div>\n\t\t\t\t\t\t<\/div>\n\t\t\t\t<\/div>\n\t\t\t\t<div class=\"elementor-element elementor-element-87830c1 elementor-widget__width-initial elementor-widget-mobile__width-inherit elementor-widget elementor-widget-heading\" data-id=\"87830c1\" data-element_type=\"widget\" data-e-type=\"widget\" data-widget_type=\"heading.default\">\n\t\t\t\t<div class=\"elementor-widget-container\">\n\t\t\t\t\t<h2 class=\"elementor-heading-title elementor-size-default\">Vir\u0161uli\u0161ki\u0173 MAXIMA currency exchange<\/h2>\t\t\t\t<\/div>\n\t\t\t\t<\/div>\n\t\t\t\t<div class=\"elementor-element elementor-element-b3aad42 elementor-widget__width-initial elementor-widget-mobile__width-inherit elementor-widget-tablet__width-initial elementor-widget elementor-widget-text-editor\" data-id=\"b3aad42\" data-element_type=\"widget\" data-e-type=\"widget\" data-widget_type=\"text-editor.default\">\n\t\t\t\t<div class=\"elementor-widget-container\">\n\t\t\t\t\t\t\t\t\t<p class=\"translation-block\">Due to the reconstruction of the Vilnius MADOS shopping center, your favorite TOP EXCHANGE exchange office has moved to the nearby MAXIMA store at Vir\u0161uli\u0161ki\u0173 g. 30.<\/p>\n<p><span style=\"background-color: transparent; font-size: inherit;\">You will find the exchange office on the ground floor, right next to the entrance.<\/span><\/p>\n<p class=\"translation-block\">We are open Monday through Saturday 10:00 a.m. to 8:00 p.m. We are closed on Sundays.<br>Address Vir\u0161uli\u0161ki\u0173 st. 30, Vilnius. Phone <a class=\"elementor-button\" style=\"width: 170px;height: 40px;padding: 12px 0px 0px 0px\" href=\"tel:+37067036364\" target=\"_self\">+370 670 36364<\/a><\/p>\n<p class=\"translation-block\"><span style=\"background-color: transparent;font-size: inherit\">We are pleased to welcome all former and new customers, because... <br>all who visit the new MAXIMA office will receive our GIFTS and special DISCOUNTS!<\/span><\/p>\t\t\t\t\t\t\t\t<\/div>\n\t\t\t\t<\/div>\n\t\t\t\t<div class=\"elementor-element elementor-element-e47fa5d elementor-widget elementor-widget-image\" data-id=\"e47fa5d\" data-element_type=\"widget\" data-e-type=\"widget\" data-widget_type=\"image.default\">\n\t\t\t\t<div class=\"elementor-widget-container\">\n\t\t\t\t\t\t\t\t\t\t\t\t\t\t\t<img fetchpriority=\"high\" decoding=\"async\" width=\"1500\" height=\"1221\" src=\"https:\/\/topexchange.eu\/wp-content\/uploads\/2025\/07\/Maxima.jpg\" class=\"attachment-full size-full wp-image-2456\" alt=\"\" srcset=\"https:\/\/topexchange.eu\/wp-content\/uploads\/2025\/07\/Maxima.jpg 1500w, https:\/\/topexchange.eu\/wp-content\/uploads\/2025\/07\/Maxima-300x244.jpg 300w, https:\/\/topexchange.eu\/wp-content\/uploads\/2025\/07\/Maxima-1024x834.jpg 1024w, https:\/\/topexchange.eu\/wp-content\/uploads\/2025\/07\/Maxima-768x625.jpg 768w, https:\/\/topexchange.eu\/wp-content\/uploads\/2025\/07\/Maxima-15x12.jpg 15w, https:\/\/topexchange.eu\/wp-content\/uploads\/2025\/07\/Maxima-650x529.jpg 650w\" sizes=\"(max-width: 1500px) 100vw, 1500px\" \/>\t\t\t\t\t\t\t\t\t\t\t\t\t\t\t<\/div>\n\t\t\t\t<\/div>\n\t\t\t\t\t<\/div>\n\t\t<\/div>\n\t\t\t\t\t<\/div>\n\t\t<\/div>\n\t\t\t\t<section class=\"elementor-section elementor-top-section elementor-element elementor-element-2202c43 elementor-section-boxed elementor-section-height-default elementor-section-height-default\" data-id=\"2202c43\" data-element_type=\"section\" data-e-type=\"section\">\n\t\t\t\t\t\t<div class=\"elementor-container elementor-column-gap-default\">\n\t\t\t\t\t<div class=\"elementor-column elementor-col-50 elementor-top-column elementor-element elementor-element-c68b38c\" data-id=\"c68b38c\" data-element_type=\"column\" data-e-type=\"column\">\n\t\t\t<div class=\"elementor-widget-wrap elementor-element-populated\">\n\t\t\t\t\t\t<div class=\"elementor-element elementor-element-186db3d elementor-widget elementor-widget-text-editor\" data-id=\"186db3d\" data-element_type=\"widget\" data-e-type=\"widget\" data-widget_type=\"text-editor.default\">\n\t\t\t\t<div class=\"elementor-widget-container\">\n\t\t\t\t\t\t\t\t\t<p>IT'S WORTH RETURNING HERE: Returning customers are served for FREE upon presentation of a receipt from a previous transaction - no commission fee!<\/p>\n<p>\u0160ioje, kaip ir visose TOP&nbsp;EXCHANGE keitykl\u0173,&nbsp;perkame ir parduodame&nbsp;\u0161ias u\u017esienio valiutas: USD, RUB, PLN, CZK, BYN, UAH, GBP, SCP, CHF, DKK, NOK, SEK, CAD, AUD, JPY, HUF, MXN, CNY, TRY, ALL, ILS, RON, KZT, GEL, RSD, ISK, HKD, MYR, SGD, NZD, THB, AED, EGP, su nuolaida superkame ir parduodame vis\u0173 nominal\u0173 \u0161i\u0173 u\u017esienio valiut\u0173 monetas.<\/p>\n<p>Currency exchange rates and commission fees are posted on the exchange rate board in the exchange office and can also be found <a href=\"https:\/\/topexchange.eu\/en\/#kursai\" data-wplink-url-error=\"true\">here<\/a>, or by calling the exchange office.&nbsp;<\/p>\n<p>You can also make MoneyGram cash transfers at this exchange office.<\/p>\n<p><img decoding=\"async\" class=\"alignnone size-full wp-image-2815\" src=\"https:\/\/topexchange.eu\/wp-content\/uploads\/2025\/12\/money_gram_pailgas.jpg\" alt=\"\" width=\"202\" height=\"56\" srcset=\"https:\/\/topexchange.eu\/wp-content\/uploads\/2025\/12\/money_gram_pailgas.jpg 202w, https:\/\/topexchange.eu\/wp-content\/uploads\/2025\/12\/money_gram_pailgas-18x5.jpg 18w\" sizes=\"(max-width: 202px) 100vw, 202px\" \/><\/p>\t\t\t\t\t\t\t\t<\/div>\n\t\t\t\t<\/div>\n\t\t\t\t\t<\/div>\n\t\t<\/div>\n\t\t\t\t<div class=\"elementor-column elementor-col-50 elementor-top-column elementor-element elementor-element-928d7e1\" data-id=\"928d7e1\" data-element_type=\"column\" data-e-type=\"column\">\n\t\t\t<div class=\"elementor-widget-wrap elementor-element-populated\">\n\t\t\t\t\t\t<div class=\"elementor-element elementor-element-620822d elementor-widget elementor-widget-google_maps\" data-id=\"620822d\" data-element_type=\"widget\" data-e-type=\"widget\" data-widget_type=\"google_maps.default\">\n\t\t\t\t<div class=\"elementor-widget-container\">\n\t\t\t\t\t\t\t<div class=\"elementor-custom-embed\">\n\t\t\t<iframe loading=\"lazy\"\n\t\t\t\t\tsrc=\"https:\/\/maps.google.com\/maps?q=Vir%C5%A1uli%C5%A1ki%C5%B3%20g.%2030%2C%20Vilnius.%20&#038;t=m&#038;z=15&#038;output=embed&#038;iwloc=near\"\n\t\t\t\t\ttitle=\"Vir\u0161uli\u0161ki\u0173 g. 30, Vilnius. \"\n\t\t\t\t\taria-label=\"Vir\u0161uli\u0161ki\u0173 g. 30, Vilnius. \"\n\t\t\t><\/iframe>\n\t\t<\/div>\n\t\t\t\t\t\t<\/div>\n\t\t\t\t<\/div>\n\t\t\t\t\t<\/div>\n\t\t<\/div>\n\t\t\t\t\t<\/div>\n\t\t<\/section>\n\t\t\t\t<\/div>","protected":false},"excerpt":{"rendered":"<p>Vir\u0161uli\u0161ki\u0173 MAXIMA keitykla D\u0117l Vilniaus&nbsp;MADOS prekybos centro rekonstrukcijos jame buvusi J\u016bs\u0173 pam\u0117gta TOP&nbsp;EXCHANGE keitykla [&hellip;]<\/p>\n","protected":false},"author":2,"featured_media":0,"parent":0,"menu_order":0,"comment_status":"closed","ping_status":"closed","template":"","meta":{"footnotes":""},"class_list":["post-2454","page","type-page","status-publish","hentry"],"_links":{"self":[{"href":"https:\/\/topexchange.eu\/en\/wp-json\/wp\/v2\/pages\/2454","targetHints":{"allow":["GET"]}}],"collection":[{"href":"https:\/\/topexchange.eu\/en\/wp-json\/wp\/v2\/pages"}],"about":[{"href":"https:\/\/topexchange.eu\/en\/wp-json\/wp\/v2\/types\/page"}],"author":[{"embeddable":true,"href":"https:\/\/topexchange.eu\/en\/wp-json\/wp\/v2\/users\/2"}],"replies":[{"embeddable":true,"href":"https:\/\/topexchange.eu\/en\/wp-json\/wp\/v2\/comments?post=2454"}],"version-history":[{"count":69,"href":"https:\/\/topexchange.eu\/en\/wp-json\/wp\/v2\/pages\/2454\/revisions"}],"predecessor-version":[{"id":3079,"href":"https:\/\/topexchange.eu\/en\/wp-json\/wp\/v2\/pages\/2454\/revisions\/3079"}],"wp:attachment":[{"href":"https:\/\/topexchange.eu\/en\/wp-json\/wp\/v2\/media?parent=2454"}],"curies":[{"name":"wp","href":"https:\/\/api.w.org\/{rel}","templated":true}]}}