{"id":459,"date":"2023-09-06T06:19:25","date_gmt":"2023-09-06T06:19:25","guid":{"rendered":"https:\/\/topexchange.eu\/?page_id=459"},"modified":"2026-02-11T14:53:10","modified_gmt":"2026-02-11T11:53:10","slug":"big-prekybos-centro-keitykla","status":"publish","type":"page","link":"https:\/\/topexchange.eu\/en\/big-prekybos-centro-keitykla\/","title":{"rendered":"BIG shopping center currency exchange"},"content":{"rendered":"<div data-elementor-type=\"wp-page\" data-elementor-id=\"459\" class=\"elementor elementor-459\">\n\t\t\t\t\t\t<div class=\"elementor-section elementor-top-section elementor-element elementor-element-b11c16c elementor-section-boxed elementor-section-height-default elementor-section-height-default\" data-id=\"b11c16c\" data-element_type=\"section\" data-e-type=\"section\" data-settings=\"{&quot;background_background&quot;:&quot;gradient&quot;}\">\n\t\t\t\t\t\t<div class=\"elementor-container elementor-column-gap-default\">\n\t\t\t\t\t<div class=\"elementor-column elementor-col-100 elementor-top-column elementor-element elementor-element-ad9f370\" data-id=\"ad9f370\" data-element_type=\"column\" data-e-type=\"column\">\n\t\t\t<div class=\"elementor-widget-wrap elementor-element-populated\">\n\t\t\t\t\t\t<div class=\"elementor-element elementor-element-75556b3 elementor-widget elementor-widget-spacer\" data-id=\"75556b3\" data-element_type=\"widget\" data-e-type=\"widget\" data-widget_type=\"spacer.default\">\n\t\t\t\t<div class=\"elementor-widget-container\">\n\t\t\t\t\t\t\t<div class=\"elementor-spacer\">\n\t\t\t<div class=\"elementor-spacer-inner\"><\/div>\n\t\t<\/div>\n\t\t\t\t\t\t<\/div>\n\t\t\t\t<\/div>\n\t\t\t\t<div class=\"elementor-element elementor-element-87830c1 elementor-widget__width-initial elementor-widget-mobile__width-inherit elementor-widget elementor-widget-heading\" data-id=\"87830c1\" data-element_type=\"widget\" data-e-type=\"widget\" data-widget_type=\"heading.default\">\n\t\t\t\t<div class=\"elementor-widget-container\">\n\t\t\t\t\t<h2 class=\"elementor-heading-title elementor-size-default\">BIG shopping center currency exchange<\/h2>\t\t\t\t<\/div>\n\t\t\t\t<\/div>\n\t\t\t\t<div class=\"elementor-element elementor-element-b3aad42 elementor-widget__width-initial elementor-widget-mobile__width-inherit elementor-widget-tablet__width-initial elementor-widget elementor-widget-text-editor\" data-id=\"b3aad42\" data-element_type=\"widget\" data-e-type=\"widget\" data-widget_type=\"text-editor.default\">\n\t\t\t\t<div class=\"elementor-widget-container\">\n\t\t\t\t\t\t\t\t\t<p>You will find the exchange in the row of shopping islands, near the information center.<\/p><p>We work every day: I-VII 10.00 - 20.00.<br \/><span style=\"font-size: inherit; background-color: transparent; font-family: var(--uicore-typography--p-f,'Inter'); font-style: var(--uicore-typography--p-st,'normal'); font-weight: var(--uicore-typography--p-w,'600'); letter-spacing: var(--uicore-typography--p-ls,'-0.027em'); text-transform: var(--uicore-typography--p-t,'none');\">Exchange address Ukmerg\u0117s st. 369, Vilnius.\u00a0<\/span><\/p><p><span style=\"font-size: inherit; background-color: transparent; font-family: var(--uicore-typography--p-f,'Inter'); font-style: var(--uicore-typography--p-st,'normal'); font-weight: var(--uicore-typography--p-w,'600'); letter-spacing: var(--uicore-typography--p-ls,'-0.027em'); text-transform: var(--uicore-typography--p-t,'none');\">Phone\u00a0<a class=\"elementor-button\" style=\"width: 170px; height: 40px; padding: 12px 0px 0px 0px;\" href=\"tel:+370 601 46963\">+370 601 46963<\/a><\/span><\/p>\t\t\t\t\t\t\t\t<\/div>\n\t\t\t\t<\/div>\n\t\t\t\t<div class=\"elementor-element elementor-element-e47fa5d elementor-widget elementor-widget-image\" data-id=\"e47fa5d\" data-element_type=\"widget\" data-e-type=\"widget\" data-widget_type=\"image.default\">\n\t\t\t\t<div class=\"elementor-widget-container\">\n\t\t\t\t\t\t\t\t\t\t\t\t\t\t\t\t<a href=\"https:\/\/topexchange.eu\/wp-content\/uploads\/2024\/05\/Bigas.jpg\" data-elementor-open-lightbox=\"yes\" data-elementor-lightbox-title=\"Bigas\" data-e-action-hash=\"#elementor-action%3Aaction%3Dlightbox%26settings%3DeyJpZCI6MTkyNCwidXJsIjoiaHR0cHM6XC9cL3RvcGV4Y2hhbmdlLmV1XC93cC1jb250ZW50XC91cGxvYWRzXC8yMDI0XC8wNVwvQmlnYXMuanBnIn0%3D\">\n\t\t\t\t\t\t\t<img fetchpriority=\"high\" decoding=\"async\" width=\"1600\" height=\"1200\" src=\"https:\/\/topexchange.eu\/wp-content\/uploads\/2024\/05\/Bigas.jpg\" class=\"attachment-full size-full wp-image-1924\" alt=\"Big valiutos keitykla\" srcset=\"https:\/\/topexchange.eu\/wp-content\/uploads\/2024\/05\/Bigas.jpg 1600w, https:\/\/topexchange.eu\/wp-content\/uploads\/2024\/05\/Bigas-300x225.jpg 300w, https:\/\/topexchange.eu\/wp-content\/uploads\/2024\/05\/Bigas-1024x768.jpg 1024w, https:\/\/topexchange.eu\/wp-content\/uploads\/2024\/05\/Bigas-768x576.jpg 768w, https:\/\/topexchange.eu\/wp-content\/uploads\/2024\/05\/Bigas-1536x1152.jpg 1536w, https:\/\/topexchange.eu\/wp-content\/uploads\/2024\/05\/Bigas-16x12.jpg 16w, https:\/\/topexchange.eu\/wp-content\/uploads\/2024\/05\/Bigas-650x488.jpg 650w\" sizes=\"(max-width: 1600px) 100vw, 1600px\" \/>\t\t\t\t\t\t\t\t<\/a>\n\t\t\t\t\t\t\t\t\t\t\t\t\t\t\t<\/div>\n\t\t\t\t<\/div>\n\t\t\t\t\t<\/div>\n\t\t<\/div>\n\t\t\t\t\t<\/div>\n\t\t<\/div>\n\t\t\t\t<section class=\"elementor-section elementor-top-section elementor-element elementor-element-2202c43 elementor-section-boxed elementor-section-height-default elementor-section-height-default\" data-id=\"2202c43\" data-element_type=\"section\" data-e-type=\"section\">\n\t\t\t\t\t\t<div class=\"elementor-container elementor-column-gap-default\">\n\t\t\t\t\t<div class=\"elementor-column elementor-col-50 elementor-top-column elementor-element elementor-element-c68b38c\" data-id=\"c68b38c\" data-element_type=\"column\" data-e-type=\"column\">\n\t\t\t<div class=\"elementor-widget-wrap elementor-element-populated\">\n\t\t\t\t\t\t<div class=\"elementor-element elementor-element-186db3d elementor-widget elementor-widget-text-editor\" data-id=\"186db3d\" data-element_type=\"widget\" data-e-type=\"widget\" data-widget_type=\"text-editor.default\">\n\t\t\t\t<div class=\"elementor-widget-container\">\n\t\t\t\t\t\t\t\t\t<p style=\"font-size: 18px;\"><span style=\"font-size: inherit;\">Kaip ir visose TOP&nbsp;EXCHANGE keityklose, \u0161ios keityklos kasose perkame ir parduodame \u0161ias u\u017esienio valiutas: USD, RUB, PLN, CZK, BYN, UAH, GBP, SCP, CHF, DKK, NOK, SEK, CAD, AUD, JPY, HUF, MXN, CNY, TRY, ALL, ILS, RON, KZT, GEL, RSD, ISK, HKD, MYR, SGD, NZD, THB, AED, EGP (\u0161i\u0173 valiut\u0173 kod\u0173 pavadinimai nurodyti skiltyje Paslaugos), su nuolaida superkame ir parduodame vis\u0173 nominal\u0173 \u0161i\u0173 u\u017esienio valiut\u0173 monetas.<\/span><\/p>\n<p style=\"font-size: 18px;\" class=\"translation-block\"><span style=\"font-size: inherit\">Currency exchange rates and commission fees are posted on the exchange rate board located in the exchange office, and can also be found on the <a style=\"color: #072474\" href=\"https:\/\/topexchange.eu\/en\/#kursai\" data-wplink-url-error=\"true\" target=\"_self\">website<\/a>, or by calling the exchange office. <\/span><\/p>\n<p style=\"font-size: 18px;\"><span style=\"font-size: inherit;\">You can also make MoneyGram cash transfers at this exchange office.<\/span><\/p>\n<p style=\"font-size: 18px;\"><img decoding=\"async\" src=\"https:\/\/topexchange.eu\/wp-content\/uploads\/2025\/12\/money_gram_pailgas.jpg\" alt=\"\" width=\"202\" height=\"56\"><\/p>\t\t\t\t\t\t\t\t<\/div>\n\t\t\t\t<\/div>\n\t\t\t\t\t<\/div>\n\t\t<\/div>\n\t\t\t\t<div class=\"elementor-column elementor-col-50 elementor-top-column elementor-element elementor-element-928d7e1\" data-id=\"928d7e1\" data-element_type=\"column\" data-e-type=\"column\">\n\t\t\t<div class=\"elementor-widget-wrap elementor-element-populated\">\n\t\t\t\t\t\t<div class=\"elementor-element elementor-element-620822d elementor-widget elementor-widget-google_maps\" data-id=\"620822d\" data-element_type=\"widget\" data-e-type=\"widget\" data-widget_type=\"google_maps.default\">\n\t\t\t\t<div class=\"elementor-widget-container\">\n\t\t\t\t\t\t\t<div class=\"elementor-custom-embed\">\n\t\t\t<iframe loading=\"lazy\"\n\t\t\t\t\tsrc=\"https:\/\/maps.google.com\/maps?q=Ukmerg%C4%97s%20g.%20369%2C%20Vilnius.&#038;t=m&#038;z=15&#038;output=embed&#038;iwloc=near\"\n\t\t\t\t\ttitle=\"Ukmerg\u0117s g. 369, Vilnius.\"\n\t\t\t\t\taria-label=\"Ukmerg\u0117s g. 369, Vilnius.\"\n\t\t\t><\/iframe>\n\t\t<\/div>\n\t\t\t\t\t\t<\/div>\n\t\t\t\t<\/div>\n\t\t\t\t\t<\/div>\n\t\t<\/div>\n\t\t\t\t\t<\/div>\n\t\t<\/section>\n\t\t\t\t<\/div>","protected":false},"excerpt":{"rendered":"<p>Big prekybos centro keitykla Keitykl\u0105 rasite prekybos saleli\u0173 eil\u0117je, netoli infocentro. Dirbame kasdien: I\u2013VII [&hellip;]<\/p>\n","protected":false},"author":1,"featured_media":0,"parent":0,"menu_order":0,"comment_status":"closed","ping_status":"closed","template":"","meta":{"footnotes":""},"class_list":["post-459","page","type-page","status-publish","hentry"],"_links":{"self":[{"href":"https:\/\/topexchange.eu\/en\/wp-json\/wp\/v2\/pages\/459","targetHints":{"allow":["GET"]}}],"collection":[{"href":"https:\/\/topexchange.eu\/en\/wp-json\/wp\/v2\/pages"}],"about":[{"href":"https:\/\/topexchange.eu\/en\/wp-json\/wp\/v2\/types\/page"}],"author":[{"embeddable":true,"href":"https:\/\/topexchange.eu\/en\/wp-json\/wp\/v2\/users\/1"}],"replies":[{"embeddable":true,"href":"https:\/\/topexchange.eu\/en\/wp-json\/wp\/v2\/comments?post=459"}],"version-history":[{"count":46,"href":"https:\/\/topexchange.eu\/en\/wp-json\/wp\/v2\/pages\/459\/revisions"}],"predecessor-version":[{"id":3033,"href":"https:\/\/topexchange.eu\/en\/wp-json\/wp\/v2\/pages\/459\/revisions\/3033"}],"wp:attachment":[{"href":"https:\/\/topexchange.eu\/en\/wp-json\/wp\/v2\/media?parent=459"}],"curies":[{"name":"wp","href":"https:\/\/api.w.org\/{rel}","templated":true}]}}