{"id":2944,"date":"2026-01-08T11:40:52","date_gmt":"2026-01-08T08:40:52","guid":{"rendered":"https:\/\/topexchange.eu\/?page_id=2944"},"modified":"2026-02-11T14:56:00","modified_gmt":"2026-02-11T11:56:00","slug":"mados-prekybos-centro-keitykla","status":"publish","type":"page","link":"https:\/\/topexchange.eu\/ru\/mados-prekybos-centro-keitykla\/","title":{"rendered":"\u041f\u0443\u043d\u043a\u0442 \u043e\u0431\u043c\u0435\u043d\u0430 \u0432\u0430\u043b\u044e\u0442\u044b \u0422\u0426 \u00abMADA\u00bb"},"content":{"rendered":"<div data-elementor-type=\"wp-page\" data-elementor-id=\"2944\" class=\"elementor elementor-2944\">\n\t\t\t\t\t\t<div class=\"elementor-section elementor-top-section elementor-element elementor-element-b11c16c elementor-section-boxed elementor-section-height-default elementor-section-height-default\" data-id=\"b11c16c\" data-element_type=\"section\" data-e-type=\"section\" data-settings=\"{&quot;background_background&quot;:&quot;gradient&quot;}\">\n\t\t\t\t\t\t<div class=\"elementor-container elementor-column-gap-default\">\n\t\t\t\t\t<div class=\"elementor-column elementor-col-100 elementor-top-column elementor-element elementor-element-ad9f370\" data-id=\"ad9f370\" data-element_type=\"column\" data-e-type=\"column\">\n\t\t\t<div class=\"elementor-widget-wrap elementor-element-populated\">\n\t\t\t\t\t\t<div class=\"elementor-element elementor-element-75556b3 elementor-widget elementor-widget-spacer\" data-id=\"75556b3\" data-element_type=\"widget\" data-e-type=\"widget\" data-widget_type=\"spacer.default\">\n\t\t\t\t<div class=\"elementor-widget-container\">\n\t\t\t\t\t\t\t<div class=\"elementor-spacer\">\n\t\t\t<div class=\"elementor-spacer-inner\"><\/div>\n\t\t<\/div>\n\t\t\t\t\t\t<\/div>\n\t\t\t\t<\/div>\n\t\t\t\t<div class=\"elementor-element elementor-element-87830c1 elementor-widget__width-initial elementor-widget-mobile__width-inherit elementor-widget elementor-widget-heading\" data-id=\"87830c1\" data-element_type=\"widget\" data-e-type=\"widget\" data-widget_type=\"heading.default\">\n\t\t\t\t<div class=\"elementor-widget-container\">\n\t\t\t\t\t<h2 class=\"elementor-heading-title elementor-size-default\">\u041f\u0443\u043d\u043a\u0442 \u043e\u0431\u043c\u0435\u043d\u0430 \u0432\u0430\u043b\u044e\u0442\u044b \u0422\u0426 \u00abMADA\u00bb<\/h2>\t\t\t\t<\/div>\n\t\t\t\t<\/div>\n\t\t\t\t<div class=\"elementor-element elementor-element-b3aad42 elementor-widget__width-initial elementor-widget-mobile__width-inherit elementor-widget-tablet__width-initial elementor-widget elementor-widget-text-editor\" data-id=\"b3aad42\" data-element_type=\"widget\" data-e-type=\"widget\" data-widget_type=\"text-editor.default\">\n\t\t\t\t<div class=\"elementor-widget-container\">\n\t\t\t\t\t\t\t\t\t<p><span style=\"font-size: 16px; text-align: start;\">D\u0117l Vilniaus\u00a0<\/span><span style=\"font-size: inherit; text-align: start;\">MADOS prekybos centro rekonstrukcijos jame buvusi J\u016bs\u0173 pam\u0117gta TOP&nbsp;EXCHANGE keitykla PERSIK\u0116L\u0116\u00a0<\/span><span style=\"font-size: inherit; text-align: start;\">\u012f netoliese\u00a0<br \/>Vir\u0161uli\u0161ki\u0173 g. 30 esan\u010di\u0105 MAXIMA parduotuv\u0119.\u00a0<\/span><\/p><p><span style=\"background-color: transparent; font-size: inherit;\">\u041f\u0443\u043d\u043a\u0442 \u043e\u0431\u043c\u0435\u043d\u0430 \u0432\u0430\u043b\u044e\u0442\u044b \u043d\u0430\u0445\u043e\u0434\u0438\u0442\u0441\u044f \u043d\u0430 \u043f\u0435\u0440\u0432\u043e\u043c \u044d\u0442\u0430\u0436\u0435, \u043f\u0440\u044f\u043c\u043e \u0443 \u0432\u0445\u043e\u0434\u0430.<\/span><\/p><p class=\"translation-block\">\u041c\u044b \u043e\u0442\u043a\u0440\u044b\u0442\u044b \u0441 \u043f\u043e\u043d\u0435\u0434\u0435\u043b\u044c\u043d\u0438\u043a\u0430 \u043f\u043e \u0441\u0443\u0431\u043e\u0442\u0430\u043c \u0441 10:00 \u0434\u043e 20:00. \u041c\u044b \u0437\u0430\u043a\u0440\u044b\u0442\u044b \u043f\u043e \u0432\u043e\u0441\u043a\u0440\u0435\u0441\u0435\u043d\u044c\u044f\u043c.<br>\u0410\u0434\u0440\u0435\u0441 \u0423\u043b. \u0412\u0438\u0440\u0448\u0443\u043b\u0438\u0448\u043a\u044e, 30, \u0412\u0438\u043b\u044c\u043d\u044e\u0441. \u0422\u0435\u043b\u0435\u0444\u043e\u043d  <a class=\"elementor-button\" style=\"width: 170px;height: 40px;padding: 12px 0px 0px 0px\" href=\"tel:+37067036364\" target=\"_self\">+370 670 36364<\/a><\/p><p class=\"translation-block\"><span style=\"background-color: transparent;font-size: inherit\">\u041c\u044b \u0440\u0430\u0434\u044b \u043f\u0440\u0438\u0432\u0435\u0442\u0441\u0442\u0432\u043e\u0432\u0430\u0442\u044c \u0432\u0441\u0435\u0445 \u043f\u043e\u0441\u0442\u043e\u044f\u043d\u043d\u044b\u0445 \u0438 \u043d\u043e\u0432\u044b\u0445 \u043a\u043b\u0438\u0435\u043d\u0442\u043e\u0432, \u043f\u043e\u0442\u043e\u043c\u0443 \u0447\u0442\u043e... <br>\u0432\u0441\u0435, \u043a\u0442\u043e \u043f\u043e\u0441\u0435\u0442\u0438\u0442 \u043d\u043e\u0432\u043e\u0435 \u043f\u043e\u043c\u0435\u0449\u0435\u043d\u0438\u0435 \u0432 MAXIMA, \u043f\u043e\u043b\u0443\u0447\u0430\u0442 \u043d\u0430\u0448\u0438 \u041f\u041e\u0414\u0410\u0420\u041a\u0418 \u0418 \u0421\u041f\u0415\u0426\u0418\u0410\u041b\u042c\u041d\u042b\u0415 \u0421\u041a\u0418\u0414\u041a\u0418!<\/span><\/p>\t\t\t\t\t\t\t\t<\/div>\n\t\t\t\t<\/div>\n\t\t\t\t<div class=\"elementor-element elementor-element-e47fa5d elementor-widget elementor-widget-image\" data-id=\"e47fa5d\" data-element_type=\"widget\" data-e-type=\"widget\" data-widget_type=\"image.default\">\n\t\t\t\t<div class=\"elementor-widget-container\">\n\t\t\t\t\t\t\t\t\t\t\t\t\t\t\t<img fetchpriority=\"high\" decoding=\"async\" width=\"1500\" height=\"1221\" src=\"https:\/\/topexchange.eu\/wp-content\/uploads\/2025\/07\/Maxima.jpg\" class=\"attachment-full size-full wp-image-2456\" alt=\"\" srcset=\"https:\/\/topexchange.eu\/wp-content\/uploads\/2025\/07\/Maxima.jpg 1500w, https:\/\/topexchange.eu\/wp-content\/uploads\/2025\/07\/Maxima-300x244.jpg 300w, https:\/\/topexchange.eu\/wp-content\/uploads\/2025\/07\/Maxima-1024x834.jpg 1024w, https:\/\/topexchange.eu\/wp-content\/uploads\/2025\/07\/Maxima-768x625.jpg 768w, https:\/\/topexchange.eu\/wp-content\/uploads\/2025\/07\/Maxima-15x12.jpg 15w, https:\/\/topexchange.eu\/wp-content\/uploads\/2025\/07\/Maxima-650x529.jpg 650w\" sizes=\"(max-width: 1500px) 100vw, 1500px\" \/>\t\t\t\t\t\t\t\t\t\t\t\t\t\t\t<\/div>\n\t\t\t\t<\/div>\n\t\t\t\t\t<\/div>\n\t\t<\/div>\n\t\t\t\t\t<\/div>\n\t\t<\/div>\n\t\t\t\t<section class=\"elementor-section elementor-top-section elementor-element elementor-element-2202c43 elementor-section-boxed elementor-section-height-default elementor-section-height-default\" data-id=\"2202c43\" data-element_type=\"section\" data-e-type=\"section\">\n\t\t\t\t\t\t<div class=\"elementor-container elementor-column-gap-default\">\n\t\t\t\t\t<div class=\"elementor-column elementor-col-50 elementor-top-column elementor-element elementor-element-c68b38c\" data-id=\"c68b38c\" data-element_type=\"column\" data-e-type=\"column\">\n\t\t\t<div class=\"elementor-widget-wrap elementor-element-populated\">\n\t\t\t\t\t\t<div class=\"elementor-element elementor-element-186db3d elementor-widget elementor-widget-text-editor\" data-id=\"186db3d\" data-element_type=\"widget\" data-e-type=\"widget\" data-widget_type=\"text-editor.default\">\n\t\t\t\t<div class=\"elementor-widget-container\">\n\t\t\t\t\t\t\t\t\t<p>\u0421\u042e\u0414\u0410 \u0421\u0422\u041e\u0418\u0422 \u0412\u0415\u0420\u041d\u0423\u0422\u042c\u0421\u042f: \u041f\u043e\u0441\u0442\u043e\u044f\u043d\u043d\u044b\u0435 \u043a\u043b\u0438\u0435\u043d\u0442\u044b \u043e\u0431\u0441\u043b\u0443\u0436\u0438\u0432\u0430\u044e\u0442\u0441\u044f \u0411\u0415\u0421\u041f\u041b\u0410\u0422\u041d\u041e \u043f\u0440\u0438 \u043f\u0440\u0435\u0434\u044a\u044f\u0432\u043b\u0435\u043d\u0438\u0438 \u0447\u0435\u043a\u0430 \u043e \u043f\u0440\u0435\u0434\u044b\u0434\u0443\u0449\u0435\u0439 \u043f\u043e\u043a\u0443\u043f\u043a\u0435 \u2014 \u0431\u0435\u0437 \u043a\u043e\u043c\u0438\u0441\u0441\u0438\u0438!<\/p>\n<p>\u0160ioje, kaip ir visose TOP&nbsp;EXCHANGE keitykl\u0173,&nbsp;perkame ir parduodame&nbsp;\u0161ias u\u017esienio valiutas: USD, RUB, PLN, CZK, BYN, UAH, GBP, SCP, CHF, DKK, NOK, SEK, CAD, AUD, JPY, HUF, MXN, CNY, TRY, ALL, ILS, RON, KZT, GEL, RSD, ISK, HKD, MYR, SGD, NZD, THB, AED, EGP, su nuolaida superkame ir parduodame vis\u0173 nominal\u0173 \u0161i\u0173 u\u017esienio valiut\u0173 monetas.<\/p>\n<p>\u0426\u0435\u043d\u044b \u0432\u0430\u043b\u044e\u0442 \u0438 \u043a\u043e\u043c\u0438\u0441\u0441\u0438\u043e\u043d\u043d\u044b\u0435 \u0443\u0441\u043b\u0443\u0433\u0438 \u043f\u0443\u0431\u043b\u0438\u043a\u0443\u044e\u0442\u0441\u044f \u043d\u0430 \u0434\u043e\u0441\u043a\u0435 \u043a\u0443\u0440\u0441\u043e\u0432 \u0432\u0430\u043b\u044e\u0442, \u0438\u0445 \u0442\u0430\u043a\u0436\u0435 \u043c\u043e\u0436\u043d\u043e \u0443\u0437\u043d\u0430\u0442\u044c, \u0432\u044b\u0431\u0440\u0430\u0432 \u0441\u0442\u0440\u043e\u043a\u0443 \u043c\u0435\u043d\u044e <a href=\"https:\/\/topexchange.eu\/ru\/#kursai\" data-wplink-url-error=\"true\">\u0446\u0435\u043d\u044b<\/a>, \u0438\u043b\u0438 \u043f\u043e\u0437\u0432\u043e\u043d\u0438\u0432 \u0432 \u043e\u0431\u043c\u0435\u043d\u043d\u044b\u0439 \u043f\u0443\u043d\u043a\u0442.&nbsp;<\/p>\n<p>\u0412 \u044d\u0442\u043e\u043c \u043e\u0431\u043c\u0435\u043d\u043d\u043e\u043c \u043f\u0443\u043d\u043a\u0442\u0435 \u0432\u044b \u0442\u0430\u043a\u0436\u0435 \u043c\u043e\u0436\u0435\u0442\u0435 \u043e\u0441\u0443\u0449\u0435\u0441\u0442\u0432\u043b\u044f\u0442\u044c \u0434\u0435\u043d\u0435\u0436\u043d\u044b\u0435 \u043f\u0435\u0440\u0435\u0432\u043e\u0434\u044b MoneyGram.<\/p>\n<p><img decoding=\"async\" class=\"alignnone size-full wp-image-2815\" src=\"https:\/\/topexchange.eu\/wp-content\/uploads\/2025\/12\/money_gram_pailgas.jpg\" alt=\"\" width=\"202\" height=\"56\" srcset=\"https:\/\/topexchange.eu\/wp-content\/uploads\/2025\/12\/money_gram_pailgas.jpg 202w, https:\/\/topexchange.eu\/wp-content\/uploads\/2025\/12\/money_gram_pailgas-18x5.jpg 18w\" sizes=\"(max-width: 202px) 100vw, 202px\" \/><\/p>\t\t\t\t\t\t\t\t<\/div>\n\t\t\t\t<\/div>\n\t\t\t\t\t<\/div>\n\t\t<\/div>\n\t\t\t\t<div class=\"elementor-column elementor-col-50 elementor-top-column elementor-element elementor-element-928d7e1\" data-id=\"928d7e1\" data-element_type=\"column\" data-e-type=\"column\">\n\t\t\t<div class=\"elementor-widget-wrap elementor-element-populated\">\n\t\t\t\t\t\t<div class=\"elementor-element elementor-element-620822d elementor-widget elementor-widget-google_maps\" data-id=\"620822d\" data-element_type=\"widget\" data-e-type=\"widget\" data-widget_type=\"google_maps.default\">\n\t\t\t\t<div class=\"elementor-widget-container\">\n\t\t\t\t\t\t\t<div class=\"elementor-custom-embed\">\n\t\t\t<iframe loading=\"lazy\"\n\t\t\t\t\tsrc=\"https:\/\/maps.google.com\/maps?q=Vir%C5%A1uli%C5%A1ki%C5%B3%20g.%2030%2C%20Vilnius.%20&#038;t=m&#038;z=15&#038;output=embed&#038;iwloc=near\"\n\t\t\t\t\ttitle=\"Vir\u0161uli\u0161ki\u0173 g. 30, Vilnius. \"\n\t\t\t\t\taria-label=\"Vir\u0161uli\u0161ki\u0173 g. 30, Vilnius. \"\n\t\t\t><\/iframe>\n\t\t<\/div>\n\t\t\t\t\t\t<\/div>\n\t\t\t\t<\/div>\n\t\t\t\t\t<\/div>\n\t\t<\/div>\n\t\t\t\t\t<\/div>\n\t\t<\/section>\n\t\t\t\t<\/div>","protected":false},"excerpt":{"rendered":"<p>Mados prekybos centro keitykla D\u0117l Vilniaus\u00a0MADOS prekybos centro rekonstrukcijos jame buvusi J\u016bs\u0173 pam\u0117gta TOP&nbsp;EXCHANGE [&hellip;]<\/p>\n","protected":false},"author":2,"featured_media":0,"parent":0,"menu_order":0,"comment_status":"closed","ping_status":"closed","template":"","meta":{"footnotes":""},"class_list":["post-2944","page","type-page","status-publish","hentry"],"_links":{"self":[{"href":"https:\/\/topexchange.eu\/ru\/wp-json\/wp\/v2\/pages\/2944","targetHints":{"allow":["GET"]}}],"collection":[{"href":"https:\/\/topexchange.eu\/ru\/wp-json\/wp\/v2\/pages"}],"about":[{"href":"https:\/\/topexchange.eu\/ru\/wp-json\/wp\/v2\/types\/page"}],"author":[{"embeddable":true,"href":"https:\/\/topexchange.eu\/ru\/wp-json\/wp\/v2\/users\/2"}],"replies":[{"embeddable":true,"href":"https:\/\/topexchange.eu\/ru\/wp-json\/wp\/v2\/comments?post=2944"}],"version-history":[{"count":12,"href":"https:\/\/topexchange.eu\/ru\/wp-json\/wp\/v2\/pages\/2944\/revisions"}],"predecessor-version":[{"id":3045,"href":"https:\/\/topexchange.eu\/ru\/wp-json\/wp\/v2\/pages\/2944\/revisions\/3045"}],"wp:attachment":[{"href":"https:\/\/topexchange.eu\/ru\/wp-json\/wp\/v2\/media?parent=2944"}],"curies":[{"name":"wp","href":"https:\/\/api.w.org\/{rel}","templated":true}]}}