{"id":465,"date":"2023-09-06T06:25:24","date_gmt":"2023-09-06T06:25:24","guid":{"rendered":"https:\/\/topexchange.eu\/?page_id=465"},"modified":"2026-02-11T14:56:25","modified_gmt":"2026-02-11T11:56:25","slug":"mandarino-prekybos-centro-keitykla","status":"publish","type":"page","link":"https:\/\/topexchange.eu\/ru\/mandarino-prekybos-centro-keitykla\/","title":{"rendered":"\u041f\u0443\u043d\u043a\u0442 \u043e\u0431\u043c\u0435\u043d\u0430 \u0432\u0430\u043b\u044e\u0442\u044b \u0422\u0426 \u00abMANDARINAS\u00bb"},"content":{"rendered":"<div data-elementor-type=\"wp-page\" data-elementor-id=\"465\" class=\"elementor elementor-465\">\n\t\t\t\t\t\t<div class=\"elementor-section elementor-top-section elementor-element elementor-element-b11c16c elementor-section-boxed elementor-section-height-default elementor-section-height-default\" data-id=\"b11c16c\" data-element_type=\"section\" data-e-type=\"section\" data-settings=\"{&quot;background_background&quot;:&quot;gradient&quot;}\">\n\t\t\t\t\t\t<div class=\"elementor-container elementor-column-gap-default\">\n\t\t\t\t\t<div class=\"elementor-column elementor-col-100 elementor-top-column elementor-element elementor-element-ad9f370\" data-id=\"ad9f370\" data-element_type=\"column\" data-e-type=\"column\">\n\t\t\t<div class=\"elementor-widget-wrap elementor-element-populated\">\n\t\t\t\t\t\t<div class=\"elementor-element elementor-element-75556b3 elementor-widget elementor-widget-spacer\" data-id=\"75556b3\" data-element_type=\"widget\" data-e-type=\"widget\" data-widget_type=\"spacer.default\">\n\t\t\t\t<div class=\"elementor-widget-container\">\n\t\t\t\t\t\t\t<div class=\"elementor-spacer\">\n\t\t\t<div class=\"elementor-spacer-inner\"><\/div>\n\t\t<\/div>\n\t\t\t\t\t\t<\/div>\n\t\t\t\t<\/div>\n\t\t\t\t<div class=\"elementor-element elementor-element-87830c1 elementor-widget__width-initial elementor-widget-mobile__width-inherit elementor-widget elementor-widget-heading\" data-id=\"87830c1\" data-element_type=\"widget\" data-e-type=\"widget\" data-widget_type=\"heading.default\">\n\t\t\t\t<div class=\"elementor-widget-container\">\n\t\t\t\t\t<h2 class=\"elementor-heading-title elementor-size-default\">\u041f\u0443\u043d\u043a\u0442 \u043e\u0431\u043c\u0435\u043d\u0430 \u0432\u0430\u043b\u044e\u0442\u044b \u0422\u0426 \u00abMANDARINAS\u00bb<\/h2>\t\t\t\t<\/div>\n\t\t\t\t<\/div>\n\t\t\t\t<div class=\"elementor-element elementor-element-b3aad42 elementor-widget__width-initial elementor-widget-mobile__width-inherit elementor-widget-tablet__width-initial elementor-widget elementor-widget-text-editor\" data-id=\"b3aad42\" data-element_type=\"widget\" data-e-type=\"widget\" data-widget_type=\"text-editor.default\">\n\t\t\t\t<div class=\"elementor-widget-container\">\n\t\t\t\t\t\t\t\t\t<p>\u041e\u0431\u043c\u0435\u043d\u043d\u0438\u043a \u0432\u044b \u043d\u0430\u0439\u0434\u0435\u0442\u0435 \u043d\u0430 \u043f\u0435\u0440\u0432\u043e\u043c \u044d\u0442\u0430\u0436\u0435, \u0440\u044f\u0434\u043e\u043c \u0441 \u0431\u0430\u043d\u043a\u043e\u043c\u0430\u0442\u043e\u043c Swedbank, \u043c\u0430\u0433\u0430\u0437\u0438\u043d\u0430\u043c\u0438 vet1 \u0438 Vynoteka.<\/p><p>\u0420\u0430\u0431\u043e\u0442\u0430\u0435\u043c \u043a\u0430\u0436\u0434\u044b\u0439 \u0434\u0435\u043d\u044c: I-VI 10.00 \u2013 20.00, VII 10.00 \u2013 19.00.<br \/>\u0410\u0434\u0440\u0435\u0441 \u043e\u0431\u043c\u0435\u043d\u0430 \u0410\u0442\u0435\u0439\u0442\u0438\u0441 \u0443\u043b. 91, \u0412\u0438\u043b\u044c\u043d\u044e\u0441. \u0422\u0435\u043b\u0435\u0444\u043e\u043d\u00a0<a class=\"elementor-button\" style=\"width: 170px; height: 40px; padding: 12px 0px 0px 0px;\" href=\"tel:+370 656 02038\">+370 656 02038<\/a><\/p>\t\t\t\t\t\t\t\t<\/div>\n\t\t\t\t<\/div>\n\t\t\t\t<div class=\"elementor-element elementor-element-e47fa5d elementor-widget elementor-widget-image\" data-id=\"e47fa5d\" data-element_type=\"widget\" data-e-type=\"widget\" data-widget_type=\"image.default\">\n\t\t\t\t<div class=\"elementor-widget-container\">\n\t\t\t\t\t\t\t\t\t\t\t\t\t\t\t<img fetchpriority=\"high\" decoding=\"async\" width=\"2560\" height=\"2077\" src=\"https:\/\/topexchange.eu\/wp-content\/uploads\/2024\/05\/mandarinas_k-scaled.jpg\" class=\"attachment-full size-full wp-image-1930\" alt=\"\" srcset=\"https:\/\/topexchange.eu\/wp-content\/uploads\/2024\/05\/mandarinas_k-scaled.jpg 2560w, https:\/\/topexchange.eu\/wp-content\/uploads\/2024\/05\/mandarinas_k-300x243.jpg 300w, https:\/\/topexchange.eu\/wp-content\/uploads\/2024\/05\/mandarinas_k-1024x831.jpg 1024w, https:\/\/topexchange.eu\/wp-content\/uploads\/2024\/05\/mandarinas_k-768x623.jpg 768w, https:\/\/topexchange.eu\/wp-content\/uploads\/2024\/05\/mandarinas_k-1536x1246.jpg 1536w, https:\/\/topexchange.eu\/wp-content\/uploads\/2024\/05\/mandarinas_k-2048x1662.jpg 2048w, https:\/\/topexchange.eu\/wp-content\/uploads\/2024\/05\/mandarinas_k-15x12.jpg 15w, https:\/\/topexchange.eu\/wp-content\/uploads\/2024\/05\/mandarinas_k-650x527.jpg 650w\" sizes=\"(max-width: 2560px) 100vw, 2560px\" \/>\t\t\t\t\t\t\t\t\t\t\t\t\t\t\t<\/div>\n\t\t\t\t<\/div>\n\t\t\t\t\t<\/div>\n\t\t<\/div>\n\t\t\t\t\t<\/div>\n\t\t<\/div>\n\t\t\t\t<section class=\"elementor-section elementor-top-section elementor-element elementor-element-2202c43 elementor-section-boxed elementor-section-height-default elementor-section-height-default\" data-id=\"2202c43\" data-element_type=\"section\" data-e-type=\"section\">\n\t\t\t\t\t\t<div class=\"elementor-container elementor-column-gap-default\">\n\t\t\t\t\t<div class=\"elementor-column elementor-col-50 elementor-top-column elementor-element elementor-element-c68b38c\" data-id=\"c68b38c\" data-element_type=\"column\" data-e-type=\"column\">\n\t\t\t<div class=\"elementor-widget-wrap elementor-element-populated\">\n\t\t\t\t\t\t<div class=\"elementor-element elementor-element-186db3d elementor-widget elementor-widget-text-editor\" data-id=\"186db3d\" data-element_type=\"widget\" data-e-type=\"widget\" data-widget_type=\"text-editor.default\">\n\t\t\t\t<div class=\"elementor-widget-container\">\n\t\t\t\t\t\t\t\t\t<p style=\"font-size: 18px;\"><span style=\"font-size: inherit;\">Kaip ir visose TOP&nbsp;EXCHANGE keityklose, \u0161ios keityklos kasose perkame ir parduodame \u0161ias u\u017esienio valiutas: USD, RUB, PLN, CZK, BYN, UAH, GBP, SCP, CHF, DKK, NOK, SEK, CAD, AUD, JPY, HUF, MXN, CNY, TRY, ALL, ILS, RON, KZT, GEL, RSD, ISK, HKD, MYR, SGD, NZD, THB, AED, EGP (\u0161i\u0173 valiut\u0173 kod\u0173 pavadinimai nurodyti skiltyje Paslaugos), su nuolaida superkame ir parduodame vis\u0173 nominal\u0173 \u0161i\u0173 u\u017esienio valiut\u0173 monetas.<\/span><\/p>\n<p style=\"font-size: 18px;\" class=\"translation-block\"><span style=\"font-size: inherit\">\u041a\u0443\u0440\u0441\u044b \u043e\u0431\u043c\u0435\u043d\u0430 \u0432\u0430\u043b\u044e\u0442 \u0438 \u0440\u0430\u0437\u043c\u0435\u0440 \u043a\u043e\u043c\u0438\u0441\u0441\u0438\u043e\u043d\u043d\u044b\u0445 \u0441\u0431\u043e\u0440\u043e\u0432 \u043f\u0443\u0431\u043b\u0438\u043a\u0443\u044e\u0442\u0441\u044f \u043d\u0430 \u0442\u0430\u0431\u043b\u043e \u043e\u0431\u043c\u0435\u043d\u043d\u043e\u0433\u043e \u043a\u0443\u0440\u0441\u0430, \u0440\u0430\u0441\u043f\u043e\u043b\u043e\u0436\u0435\u043d\u043d\u043e\u043c \u0432 \u043e\u0431\u043c\u0435\u043d\u043d\u043e\u043c \u043f\u0443\u043d\u043a\u0442\u0435, \u0430 \u0442\u0430\u043a\u0436\u0435 \u0438\u0445 \u043c\u043e\u0436\u043d\u043e \u0443\u0437\u043d\u0430\u0442\u044c \u043d\u0430 <a style=\"color: #072474\" href=\"https:\/\/topexchange.eu\/ru\/#kursai\" data-wplink-url-error=\"true\" target=\"_self\">\u0432\u0435\u0431-\u0441\u0430\u0439\u0442\u0435<\/a> \u0438\u043b\u0438 \u043f\u043e\u0437\u0432\u043e\u043d\u0438\u0432 \u0432 \u043e\u0431\u043c\u0435\u043d\u043d\u044b\u0439 \u043f\u0443\u043d\u043a\u0442.<\/span><\/p>\n<p style=\"font-size: 18px;\"><span style=\"font-size: inherit;\">\u0412 \u044d\u0442\u043e\u043c \u043e\u0431\u043c\u0435\u043d\u043d\u043e\u043c \u043f\u0443\u043d\u043a\u0442\u0435 \u0432\u044b \u0442\u0430\u043a\u0436\u0435 \u043c\u043e\u0436\u0435\u0442\u0435 \u043e\u0441\u0443\u0449\u0435\u0441\u0442\u0432\u043b\u044f\u0442\u044c \u0434\u0435\u043d\u0435\u0436\u043d\u044b\u0435 \u043f\u0435\u0440\u0435\u0432\u043e\u0434\u044b MoneyGram.<\/span><\/p>\n<p style=\"font-size: 18px;\"><img decoding=\"async\" src=\"https:\/\/topexchange.eu\/wp-content\/uploads\/2025\/12\/money_gram_pailgas.jpg\" alt=\"\" width=\"202\" height=\"56\"><\/p>\t\t\t\t\t\t\t\t<\/div>\n\t\t\t\t<\/div>\n\t\t\t\t\t<\/div>\n\t\t<\/div>\n\t\t\t\t<div class=\"elementor-column elementor-col-50 elementor-top-column elementor-element elementor-element-928d7e1\" data-id=\"928d7e1\" data-element_type=\"column\" data-e-type=\"column\">\n\t\t\t<div class=\"elementor-widget-wrap elementor-element-populated\">\n\t\t\t\t\t\t<div class=\"elementor-element elementor-element-620822d elementor-widget elementor-widget-google_maps\" data-id=\"620822d\" data-element_type=\"widget\" data-e-type=\"widget\" data-widget_type=\"google_maps.default\">\n\t\t\t\t<div class=\"elementor-widget-container\">\n\t\t\t\t\t\t\t<div class=\"elementor-custom-embed\">\n\t\t\t<iframe loading=\"lazy\"\n\t\t\t\t\tsrc=\"https:\/\/maps.google.com\/maps?q=Ateities%20g.%2091%2C%20Vilnius.&#038;t=m&#038;z=15&#038;output=embed&#038;iwloc=near\"\n\t\t\t\t\ttitle=\"Ateities g. 91, Vilnius.\"\n\t\t\t\t\taria-label=\"Ateities g. 91, Vilnius.\"\n\t\t\t><\/iframe>\n\t\t<\/div>\n\t\t\t\t\t\t<\/div>\n\t\t\t\t<\/div>\n\t\t\t\t\t<\/div>\n\t\t<\/div>\n\t\t\t\t\t<\/div>\n\t\t<\/section>\n\t\t\t\t<\/div>","protected":false},"excerpt":{"rendered":"<p>Mandarino prekybos centro keitykla Keitykl\u0105 rasite pirmajame auk\u0161te, greta \u201eSwedbank\u201c bankomato, \u201evet1\u201c ir \u201eVynotekos\u201c [&hellip;]<\/p>\n","protected":false},"author":1,"featured_media":0,"parent":0,"menu_order":0,"comment_status":"closed","ping_status":"closed","template":"","meta":{"footnotes":""},"class_list":["post-465","page","type-page","status-publish","hentry"],"_links":{"self":[{"href":"https:\/\/topexchange.eu\/ru\/wp-json\/wp\/v2\/pages\/465","targetHints":{"allow":["GET"]}}],"collection":[{"href":"https:\/\/topexchange.eu\/ru\/wp-json\/wp\/v2\/pages"}],"about":[{"href":"https:\/\/topexchange.eu\/ru\/wp-json\/wp\/v2\/types\/page"}],"author":[{"embeddable":true,"href":"https:\/\/topexchange.eu\/ru\/wp-json\/wp\/v2\/users\/1"}],"replies":[{"embeddable":true,"href":"https:\/\/topexchange.eu\/ru\/wp-json\/wp\/v2\/comments?post=465"}],"version-history":[{"count":49,"href":"https:\/\/topexchange.eu\/ru\/wp-json\/wp\/v2\/pages\/465\/revisions"}],"predecessor-version":[{"id":3048,"href":"https:\/\/topexchange.eu\/ru\/wp-json\/wp\/v2\/pages\/465\/revisions\/3048"}],"wp:attachment":[{"href":"https:\/\/topexchange.eu\/ru\/wp-json\/wp\/v2\/media?parent=465"}],"curies":[{"name":"wp","href":"https:\/\/api.w.org\/{rel}","templated":true}]}}